{"id":2,"date":"2024-10-14T23:26:10","date_gmt":"2024-10-14T23:26:10","guid":{"rendered":"http:\/\/jegvaelgerselv.dk\/?page_id=2"},"modified":"2024-10-15T12:27:29","modified_gmt":"2024-10-15T12:27:29","slug":"sample-page","status":"publish","type":"page","link":"https:\/\/jegvaelgerselv.dk\/","title":{"rendered":"Coaching"},"content":{"rendered":"\n<p>Jeg tilbyder dig at hj\u00e6lpe dig med at:<\/p>\n\n\n\n<blockquote class=\"wp-block-quote is-layout-flow wp-block-quote-is-layout-flow\">\n<div class=\"wp-block-group is-vertical is-layout-flex wp-container-core-group-is-layout-8cf370e7 wp-block-group-is-layout-flex\">\n<p>tr\u00e6ffe sv\u00e6re valg<\/p>\n\n\n\n<p>finde dine v\u00e6rdier og hvad de betyder for dig i hverdagen<\/p>\n\n\n\n<p>blive bedre til at h\u00e5ndtere din vrede<\/p>\n\n\n\n<p>f\u00e5 st\u00f8rre job tilfredshed enten ved skifte eller ved at gribe dit nuv\u00e6rende job anerledes an<\/p>\n<\/div>\n<\/blockquote>\n\n\n\n<p>du kan f\u00e5 fat i mig her<\/p>\n\n\n\n<blockquote class=\"wp-block-quote is-layout-flow wp-block-quote-is-layout-flow\">\n<p>Ole Faarkrog-S\u00f8gaard | tlf: 2487 3946 | ole@jegvaelgerselv.dk<\/p>\n\n\n\n<p>Vi kan arrangere coaching enten som online, telefon eller m\u00f8des fysisk. Jeg arbejder ud fra Skive i Midtjylland<\/p>\n\n\n\n<p><\/p>\n<\/blockquote>\n\n\n\n<p>coaching er din mulighed for at udvikle dig og opn\u00e5 st\u00f8rre gl\u00e6de og tilfredshed.<\/p>\n\n\n\n<p><\/p>\n","protected":false},"excerpt":{"rendered":"<p>Jeg tilbyder dig at hj\u00e6lpe dig med at: du kan f\u00e5 fat i mig her Ole Faarkrog-S\u00f8gaard | tlf: 2487 3946 | ole@jegvaelgerselv.dk Vi kan arrangere coaching enten som online, telefon eller m\u00f8des fysisk. Jeg arbejder ud fra Skive i Midtjylland coaching er din mulighed for at udvikle dig og opn\u00e5 st\u00f8rre gl\u00e6de og tilfredshed.<\/p>\n","protected":false},"author":1,"featured_media":0,"parent":0,"menu_order":0,"comment_status":"closed","ping_status":"open","template":"","meta":{"footnotes":""},"class_list":["post-2","page","type-page","status-publish","hentry"],"_links":{"self":[{"href":"https:\/\/jegvaelgerselv.dk\/index.php?rest_route=\/wp\/v2\/pages\/2","targetHints":{"allow":["GET"]}}],"collection":[{"href":"https:\/\/jegvaelgerselv.dk\/index.php?rest_route=\/wp\/v2\/pages"}],"about":[{"href":"https:\/\/jegvaelgerselv.dk\/index.php?rest_route=\/wp\/v2\/types\/page"}],"author":[{"embeddable":true,"href":"https:\/\/jegvaelgerselv.dk\/index.php?rest_route=\/wp\/v2\/users\/1"}],"replies":[{"embeddable":true,"href":"https:\/\/jegvaelgerselv.dk\/index.php?rest_route=%2Fwp%2Fv2%2Fcomments&post=2"}],"version-history":[{"count":2,"href":"https:\/\/jegvaelgerselv.dk\/index.php?rest_route=\/wp\/v2\/pages\/2\/revisions"}],"predecessor-version":[{"id":15,"href":"https:\/\/jegvaelgerselv.dk\/index.php?rest_route=\/wp\/v2\/pages\/2\/revisions\/15"}],"wp:attachment":[{"href":"https:\/\/jegvaelgerselv.dk\/index.php?rest_route=%2Fwp%2Fv2%2Fmedia&parent=2"}],"curies":[{"name":"wp","href":"https:\/\/api.w.org\/{rel}","templated":true}]}}